{"id":3254,"date":"2026-01-13T15:57:02","date_gmt":"2026-01-13T18:57:02","guid":{"rendered":"https:\/\/cadmus.com.br\/ejecucion-y-entrega\/"},"modified":"2026-03-02T17:42:32","modified_gmt":"2026-03-02T20:42:32","slug":"ejecucion-y-entrega","status":"publish","type":"page","link":"https:\/\/cadmus.com.br\/es\/ejecucion-y-entrega\/","title":{"rendered":"Ejecuci\u00f3n y entrega"},"content":{"rendered":"","protected":false},"excerpt":{"rendered":"","protected":false},"author":1,"featured_media":0,"parent":0,"menu_order":0,"comment_status":"closed","ping_status":"closed","template":"page-servico-execucao-entrega.php","meta":{"footnotes":""},"class_list":["post-3254","page","type-page","status-publish","hentry"],"yoast_head":"<!-- This site is optimized with the Yoast SEO plugin v27.3 - https:\/\/yoast.com\/product\/yoast-seo-wordpress\/ -->\n<title>Continuo<\/title>\n<meta name=\"description\" content=\"Desarrollo, modernizaci\u00f3n y soporte con ciclos cortos, calidad y previsibilidad para mantener el negocio en continua evoluci\u00f3n.\" \/>\n<meta name=\"robots\" content=\"index, follow, max-snippet:-1, max-image-preview:large, max-video-preview:-1\" \/>\n<link rel=\"canonical\" href=\"https:\/\/cadmus.com.br\/es\/ejecucion-y-entrega\/\" \/>\n<meta property=\"og:locale\" content=\"es_ES\" \/>\n<meta property=\"og:type\" content=\"article\" \/>\n<meta property=\"og:title\" content=\"Continuo\" \/>\n<meta property=\"og:description\" content=\"Desarrollo, modernizaci\u00f3n y soporte con ciclos cortos, calidad y previsibilidad para mantener el negocio en continua evoluci\u00f3n.\" \/>\n<meta property=\"og:url\" content=\"https:\/\/cadmus.com.br\/es\/ejecucion-y-entrega\/\" \/>\n<meta property=\"og:site_name\" content=\"CADMUS\" \/>\n<meta property=\"article:publisher\" content=\"https:\/\/www.facebook.com\/soucadmus\/\" \/>\n<meta property=\"article:modified_time\" content=\"2026-03-02T20:42:32+00:00\" \/>\n<meta property=\"og:image\" content=\"https:\/\/cadmus.com.br\/wp-content\/uploads\/2021\/02\/Untitled-1-1.png\" \/>\n\t<meta property=\"og:image:width\" content=\"1200\" \/>\n\t<meta property=\"og:image:height\" content=\"600\" \/>\n\t<meta property=\"og:image:type\" content=\"image\/png\" \/>\n<meta name=\"twitter:card\" content=\"summary_large_image\" \/>\n<meta name=\"twitter:site\" content=\"@vemsercadmus\" \/>\n<script type=\"application\/ld+json\" class=\"yoast-schema-graph\">{\"@context\":\"https:\\\/\\\/schema.org\",\"@graph\":[{\"@type\":\"WebPage\",\"@id\":\"https:\\\/\\\/cadmus.com.br\\\/es\\\/ejecucion-y-entrega\\\/\",\"url\":\"https:\\\/\\\/cadmus.com.br\\\/es\\\/ejecucion-y-entrega\\\/\",\"name\":\"Continuo\",\"isPartOf\":{\"@id\":\"https:\\\/\\\/cadmus.com.br\\\/es\\\/#website\"},\"datePublished\":\"2026-01-13T18:57:02+00:00\",\"dateModified\":\"2026-03-02T20:42:32+00:00\",\"description\":\"Desarrollo, modernizaci\u00f3n y soporte con ciclos cortos, calidad y previsibilidad para mantener el negocio en continua evoluci\u00f3n.\",\"breadcrumb\":{\"@id\":\"https:\\\/\\\/cadmus.com.br\\\/es\\\/ejecucion-y-entrega\\\/#breadcrumb\"},\"inLanguage\":\"es\",\"potentialAction\":[{\"@type\":\"ReadAction\",\"target\":[\"https:\\\/\\\/cadmus.com.br\\\/es\\\/ejecucion-y-entrega\\\/\"]}]},{\"@type\":\"BreadcrumbList\",\"@id\":\"https:\\\/\\\/cadmus.com.br\\\/es\\\/ejecucion-y-entrega\\\/#breadcrumb\",\"itemListElement\":[{\"@type\":\"ListItem\",\"position\":1,\"name\":\"In\u00edcio\",\"item\":\"https:\\\/\\\/cadmus.com.br\\\/es\\\/\"},{\"@type\":\"ListItem\",\"position\":2,\"name\":\"Ejecuci\u00f3n y entrega\"}]},{\"@type\":\"WebSite\",\"@id\":\"https:\\\/\\\/cadmus.com.br\\\/es\\\/#website\",\"url\":\"https:\\\/\\\/cadmus.com.br\\\/es\\\/\",\"name\":\"CADMUS\",\"description\":\"Tecnologia da Estrat\u00e9gia a Execu\u00e7\u00e3o\",\"publisher\":{\"@id\":\"https:\\\/\\\/cadmus.com.br\\\/es\\\/#organization\"},\"potentialAction\":[{\"@type\":\"SearchAction\",\"target\":{\"@type\":\"EntryPoint\",\"urlTemplate\":\"https:\\\/\\\/cadmus.com.br\\\/es\\\/?s={search_term_string}\"},\"query-input\":{\"@type\":\"PropertyValueSpecification\",\"valueRequired\":true,\"valueName\":\"search_term_string\"}}],\"inLanguage\":\"es\"},{\"@type\":\"Organization\",\"@id\":\"https:\\\/\\\/cadmus.com.br\\\/es\\\/#organization\",\"name\":\"Cadmus\",\"url\":\"https:\\\/\\\/cadmus.com.br\\\/es\\\/\",\"logo\":{\"@type\":\"ImageObject\",\"inLanguage\":\"es\",\"@id\":\"https:\\\/\\\/cadmus.com.br\\\/es\\\/#\\\/schema\\\/logo\\\/image\\\/\",\"url\":\"https:\\\/\\\/i0.wp.com\\\/cadmus.com.br\\\/wp-content\\\/uploads\\\/2021\\\/02\\\/Untitled-1-1.png?fit=1200%2C600&ssl=1\",\"contentUrl\":\"https:\\\/\\\/i0.wp.com\\\/cadmus.com.br\\\/wp-content\\\/uploads\\\/2021\\\/02\\\/Untitled-1-1.png?fit=1200%2C600&ssl=1\",\"width\":1200,\"height\":600,\"caption\":\"Cadmus\"},\"image\":{\"@id\":\"https:\\\/\\\/cadmus.com.br\\\/es\\\/#\\\/schema\\\/logo\\\/image\\\/\"},\"sameAs\":[\"https:\\\/\\\/www.facebook.com\\\/soucadmus\\\/\",\"https:\\\/\\\/x.com\\\/vemsercadmus\",\"https:\\\/\\\/www.instagram.com\\\/soucadmus\\\/\",\"https:\\\/\\\/www.linkedin.com\\\/company\\\/cadmus-ti\\\/\"]}]}<\/script>\n<!-- \/ Yoast SEO plugin. -->","yoast_head_json":{"title":"Continuo","description":"Desarrollo, modernizaci\u00f3n y soporte con ciclos cortos, calidad y previsibilidad para mantener el negocio en continua evoluci\u00f3n.","robots":{"index":"index","follow":"follow","max-snippet":"max-snippet:-1","max-image-preview":"max-image-preview:large","max-video-preview":"max-video-preview:-1"},"canonical":"https:\/\/cadmus.com.br\/es\/ejecucion-y-entrega\/","og_locale":"es_ES","og_type":"article","og_title":"Continuo","og_description":"Desarrollo, modernizaci\u00f3n y soporte con ciclos cortos, calidad y previsibilidad para mantener el negocio en continua evoluci\u00f3n.","og_url":"https:\/\/cadmus.com.br\/es\/ejecucion-y-entrega\/","og_site_name":"CADMUS","article_publisher":"https:\/\/www.facebook.com\/soucadmus\/","article_modified_time":"2026-03-02T20:42:32+00:00","og_image":[{"width":1200,"height":600,"url":"https:\/\/cadmus.com.br\/wp-content\/uploads\/2021\/02\/Untitled-1-1.png","type":"image\/png"}],"twitter_card":"summary_large_image","twitter_site":"@vemsercadmus","schema":{"@context":"https:\/\/schema.org","@graph":[{"@type":"WebPage","@id":"https:\/\/cadmus.com.br\/es\/ejecucion-y-entrega\/","url":"https:\/\/cadmus.com.br\/es\/ejecucion-y-entrega\/","name":"Continuo","isPartOf":{"@id":"https:\/\/cadmus.com.br\/es\/#website"},"datePublished":"2026-01-13T18:57:02+00:00","dateModified":"2026-03-02T20:42:32+00:00","description":"Desarrollo, modernizaci\u00f3n y soporte con ciclos cortos, calidad y previsibilidad para mantener el negocio en continua evoluci\u00f3n.","breadcrumb":{"@id":"https:\/\/cadmus.com.br\/es\/ejecucion-y-entrega\/#breadcrumb"},"inLanguage":"es","potentialAction":[{"@type":"ReadAction","target":["https:\/\/cadmus.com.br\/es\/ejecucion-y-entrega\/"]}]},{"@type":"BreadcrumbList","@id":"https:\/\/cadmus.com.br\/es\/ejecucion-y-entrega\/#breadcrumb","itemListElement":[{"@type":"ListItem","position":1,"name":"In\u00edcio","item":"https:\/\/cadmus.com.br\/es\/"},{"@type":"ListItem","position":2,"name":"Ejecuci\u00f3n y entrega"}]},{"@type":"WebSite","@id":"https:\/\/cadmus.com.br\/es\/#website","url":"https:\/\/cadmus.com.br\/es\/","name":"CADMUS","description":"Tecnologia da Estrat\u00e9gia a Execu\u00e7\u00e3o","publisher":{"@id":"https:\/\/cadmus.com.br\/es\/#organization"},"potentialAction":[{"@type":"SearchAction","target":{"@type":"EntryPoint","urlTemplate":"https:\/\/cadmus.com.br\/es\/?s={search_term_string}"},"query-input":{"@type":"PropertyValueSpecification","valueRequired":true,"valueName":"search_term_string"}}],"inLanguage":"es"},{"@type":"Organization","@id":"https:\/\/cadmus.com.br\/es\/#organization","name":"Cadmus","url":"https:\/\/cadmus.com.br\/es\/","logo":{"@type":"ImageObject","inLanguage":"es","@id":"https:\/\/cadmus.com.br\/es\/#\/schema\/logo\/image\/","url":"https:\/\/i0.wp.com\/cadmus.com.br\/wp-content\/uploads\/2021\/02\/Untitled-1-1.png?fit=1200%2C600&ssl=1","contentUrl":"https:\/\/i0.wp.com\/cadmus.com.br\/wp-content\/uploads\/2021\/02\/Untitled-1-1.png?fit=1200%2C600&ssl=1","width":1200,"height":600,"caption":"Cadmus"},"image":{"@id":"https:\/\/cadmus.com.br\/es\/#\/schema\/logo\/image\/"},"sameAs":["https:\/\/www.facebook.com\/soucadmus\/","https:\/\/x.com\/vemsercadmus","https:\/\/www.instagram.com\/soucadmus\/","https:\/\/www.linkedin.com\/company\/cadmus-ti\/"]}]}},"jetpack_sharing_enabled":true,"_links":{"self":[{"href":"https:\/\/cadmus.com.br\/es\/wp-json\/wp\/v2\/pages\/3254","targetHints":{"allow":["GET"]}}],"collection":[{"href":"https:\/\/cadmus.com.br\/es\/wp-json\/wp\/v2\/pages"}],"about":[{"href":"https:\/\/cadmus.com.br\/es\/wp-json\/wp\/v2\/types\/page"}],"author":[{"embeddable":true,"href":"https:\/\/cadmus.com.br\/es\/wp-json\/wp\/v2\/users\/1"}],"replies":[{"embeddable":true,"href":"https:\/\/cadmus.com.br\/es\/wp-json\/wp\/v2\/comments?post=3254"}],"version-history":[{"count":1,"href":"https:\/\/cadmus.com.br\/es\/wp-json\/wp\/v2\/pages\/3254\/revisions"}],"predecessor-version":[{"id":3372,"href":"https:\/\/cadmus.com.br\/es\/wp-json\/wp\/v2\/pages\/3254\/revisions\/3372"}],"wp:attachment":[{"href":"https:\/\/cadmus.com.br\/es\/wp-json\/wp\/v2\/media?parent=3254"}],"curies":[{"name":"wp","href":"https:\/\/api.w.org\/{rel}","templated":true}]}}