{"id":3002,"date":"2019-09-11T16:02:19","date_gmt":"2019-09-11T19:02:19","guid":{"rendered":"https:\/\/cadmus.com.br\/politica-de-privacidad\/"},"modified":"2023-02-02T15:14:27","modified_gmt":"2023-02-02T18:14:27","slug":"politica-privacidad","status":"publish","type":"page","link":"https:\/\/cadmus.com.br\/es\/politica-privacidad\/","title":{"rendered":"Pol\u00edtica de privacidad"},"content":{"rendered":"<h2><strong>Objetivo<\/strong><\/h2>\n<p>El prop\u00f3sito de esta pol\u00edtica de privacidad es informar al usuario y visitante de la plataforma, qu\u00e9 medidas se utilizan para proteger los datos personales proporcionados, aclarar c\u00f3mo se utilizan y garantizar la claridad sobre sus derechos como interesados. Esto incluye informar de c\u00f3mo recogemos los datos, con qu\u00e9 fin y qu\u00e9 tratamiento se hace para garantizar la seguridad de los datos.<\/p>\n<p>&nbsp;<\/p>\n<h2><strong>C\u00f3mo recopilamos los datos personales<\/strong><\/h2>\n<p>Cuando navega por el sitio e interact\u00faa en sus funcionalidades, es posible que se recopilen sus datos personales tal y como se describe a continuaci\u00f3n:<br \/>\n&#8211; Registro: al crear y actualizar su cuenta en la plataforma;<br \/>\n&#8211; Solicitud de contacto: cuando se facilitan datos para posibilitar su experiencia a trav\u00e9s del acceso y exploraci\u00f3n de la plataforma o para la relaci\u00f3n en el canal e-care;<br \/>\n&#8211; Navegaci\u00f3n: mediante el registro de sus preferencias, habilidades y otras caracter\u00edsticas para la elaboraci\u00f3n de perfiles y la interacci\u00f3n con el equipo;<br \/>\n&#8211; Cookies: al configurar sus preferencias y dar su consentimiento de uso y al navegar por la plataforma;<\/p>\n<p>&nbsp;<\/p>\n<h2><strong>Para qu\u00e9 utilizamos los datos personales<\/strong><\/h2>\n<p>&#8211; Personalizar su experiencia ofreci\u00e9ndole una navegaci\u00f3n m\u00e1s sencilla en funci\u00f3n de sus caracter\u00edsticas, intereses y preferencias;<br \/>\n&#8211; Prestar los servicios contratados por la plataforma, atender sus solicitudes como usuarios y titulares de los datos;<br \/>\n&#8211; Utilizar los servicios de proveedores de correo electr\u00f3nico para la comunicaci\u00f3n al registrarse, recibir correos electr\u00f3nicos de bienvenida, enviar informaci\u00f3n sobre contenidos relevantes, consejos de uso de la plataforma y marketing;<br \/>\n&#8211; Proporcionar seguridad y proteger los derechos a trav\u00e9s de servicios de terceros que ayuden a mantener el entorno operativo para evitar actividades fraudulentas;<br \/>\n&#8211; Medir eficientemente a trav\u00e9s de an\u00e1lisis y estad\u00edsticas los accesos a los servicios, definir patrones de tr\u00e1fico y demogr\u00e1ficos, as\u00ed como mantener las funcionalidades de los servicios ofrecidos.<br \/>\n&#8211; Cooperar con las medidas judiciales y los organismos reguladores que soliciten la puesta en com\u00fan de datos dentro de los l\u00edmites y en cumplimiento de la legislaci\u00f3n vigente.<\/p>\n<p>&nbsp;<\/p>\n<h2><strong>Tratamiento de datos<\/strong><\/h2>\n<p>Los datos recogidos con su consentimiento se procesan y tratan en nuestra organizaci\u00f3n con el fin de garantizar su confidencialidad, integridad y disponibilidad mediante:<\/p>\n<p>&#8211; Medidas organizativas, como pol\u00edticas y procesos que regulan el tratamiento de la informaci\u00f3n;<br \/>\n&#8211; Medidas f\u00edsicas para garantizar la confidencialidad de los datos mediante la protecci\u00f3n de los locales, el control de acceso y otras acciones de detecci\u00f3n de intrusos.<br \/>\n&#8211; Medidas l\u00f3gicas para adoptar como norma el desarrollo seguro del software desde su concepci\u00f3n, as\u00ed como la protecci\u00f3n de las redes y otros dispositivos utilizados en los procesos de tratamiento de la informaci\u00f3n.<\/p>\n<p>&nbsp;<\/p>\n<h2><strong>Compartir<\/strong><\/h2>\n<p>Sus datos podr\u00e1n ser cedidos y tratados por colaboradores que colaboran con servicios de almacenamiento, servidores de alojamiento, redes de comunicaciones, proveedores de correo electr\u00f3nico, monitorizaci\u00f3n del uso de los servicios, entre otros, siempre de acuerdo con esta pol\u00edtica y con las condiciones de uso del servicio, respetando la legislaci\u00f3n aplicable, dentro de la finalidad establecida.<br \/>\nEn casos excepcionales, los datos podr\u00e1n compartirse para cumplir requisitos legales de acuerdo con la legislaci\u00f3n vigente, para colaborar con los esfuerzos de investigaci\u00f3n o prevenci\u00f3n de presuntas actividades fraudulentas o ilegales y para proteger la seguridad e integridad de los servicios.<br \/>\nLa plataforma permite a los usuarios registrados de una misma cuenta de administrador compartir datos entre ellos, seg\u00fan el perfil registrado, administrador o usuario. Como administradores de la plataforma tenemos la visualizaci\u00f3n de datos para actuar en soporte, mantenimiento u otros servicios solicitados por el cliente.<\/p>\n<p>&nbsp;<\/p>\n<h2><strong>Tiempo de almacenamiento<\/strong><\/h2>\n<p>Los datos ser\u00e1n almacenados \u00fanicamente durante el cumplimiento de su finalidad consentida para la ejecuci\u00f3n de un contrato o prestaci\u00f3n de servicios, salvo que exista la necesidad de cumplir con requisitos legales<br \/>\nLos registros realizados para la solicitud de contacto que permanezcan inoperativos ser\u00e1n descartados tras un periodo de 90 d\u00edas.<\/p>\n<p>&nbsp;<\/p>\n<h2><strong>Uso de cookies<\/strong><\/h2>\n<p>Las cookies son archivos de texto que se almacenan en el dispositivo del usuario para su posterior recuperaci\u00f3n.<br \/>\nRecabamos su consentimiento para el uso de cookies seg\u00fan sus preferencias, y este sitio utiliza los siguientes tipos:<br \/>\n&#8211; Obligatorias: son necesarias para el correcto funcionamiento del sitio, permitiendo funciones b\u00e1sicas durante la navegaci\u00f3n, como iniciar sesi\u00f3n, rellenar formularios y establecer preferencias, entre otras. El correcto funcionamiento del sitio web depende del uso de estas cookies<br \/>\n&#8211; Anal\u00edtica: ayuda a mejorar el rendimiento de nuestros sitios web proporcionando una experiencia de usuario mejorada. Nos permiten obtener informaci\u00f3n sobre la calidad y\/o eficacia de nuestros servicios y nos ayudan a comprender c\u00f3mo utilizan nuestros visitantes nuestros sitios web para que podamos mejorar la presentaci\u00f3n de los contenidos.<br \/>\n&#8211; Preferencias: recoge informaci\u00f3n sobre sus elecciones y preferencias, lo que nos permite recordar el idioma u otros ajustes locales y personalizar el Sitio en consecuencia.<\/p>\n<p>&nbsp;<\/p>\n<h2><strong>Derechos del interesado<\/strong><\/h2>\n<p>Nuestra organizaci\u00f3n se preocupa por los derechos de los interesados y estamos a su disposici\u00f3n para cumplirlos:<br \/>\n&#8211; Acceso a los datos personales que le conciernen<br \/>\n&#8211; Correcci\u00f3n de datos personales incompletos, inexactos u obsoletos<br \/>\n&#8211; Confirmaci\u00f3n de la existencia de tratamiento de datos<br \/>\n&#8211; Supresi\u00f3n de datos personales innecesarios, excesivos o tratados ilegalmente<br \/>\n&#8211; Portabilidad de los datos a otro proveedor de servicios o productos en cumplimiento de los requisitos legales.<br \/>\n&#8211; Supresi\u00f3n de datos, salvo en cumplimiento de requisitos legales<br \/>\n&#8211; Revocaci\u00f3n del consentimiento, de conformidad con la ley<br \/>\n&#8211; Informaci\u00f3n sobre el intercambio con otras entidades, en su caso<br \/>\n&#8211; Informaci\u00f3n sobre la falta de consentimiento<br \/>\nPara solicitar cualquier derecho como interesado, p\u00f3ngase en contacto con nuestro Responsable de Protecci\u00f3n de Datos &#8211; RPD a trav\u00e9s de los datos de contacto que figuran a continuaci\u00f3n:<br \/>\nCorreo electr\u00f3nico: lgpd@cadmus.com.br<\/p>\n<p>&nbsp;<\/p>\n<h2><strong>Cambio de pol\u00edtica<\/strong><\/h2>\n<p>Esta pol\u00edtica es el resultado de un proceso de mejora continua, por lo que pueden producirse cambios y a\u00f1adirse o eliminarse partes de la misma. Cuando esto ocurra, actualizaremos la fecha de publicaci\u00f3n de la \u00faltima versi\u00f3n. Le recomendamos que compruebe si hay actualizaciones cada vez que navegue.<br \/>\n\u00daltima versi\u00f3n: 26\/11\/2021<\/p>\n<p>&nbsp;<\/p>\n<h2><strong>Contacte con<\/strong><\/h2>\n<p>Si tiene alguna pregunta y desea ponerse en contacto con nosotros, utilice nuestro canal: lgpd@cadmus.com.br<\/p>\n","protected":false},"excerpt":{"rendered":"<p>Objetivo El prop\u00f3sito de esta pol\u00edtica de privacidad [&hellip;]<\/p>\n","protected":false},"author":1,"featured_media":0,"parent":0,"menu_order":0,"comment_status":"closed","ping_status":"closed","template":"page-politica-privacidade.php","meta":{"footnotes":""},"class_list":["post-3002","page","type-page","status-publish","hentry"],"yoast_head":"<!-- This site is optimized with the Yoast SEO plugin v27.3 - https:\/\/yoast.com\/product\/yoast-seo-wordpress\/ -->\n<title>Pol\u00edtica de privacidad | CADMUS<\/title>\n<meta name=\"description\" content=\"A Cadmus \u00e9 a empresa que vai te apoiar na consolida\u00e7\u00e3o da Cultura Digital.\" \/>\n<meta name=\"robots\" content=\"index, follow, max-snippet:-1, max-image-preview:large, max-video-preview:-1\" \/>\n<link rel=\"canonical\" href=\"https:\/\/cadmus.com.br\/es\/politica-privacidad\/\" \/>\n<meta property=\"og:locale\" content=\"es_ES\" \/>\n<meta property=\"og:type\" content=\"article\" \/>\n<meta property=\"og:title\" content=\"Pol\u00edtica de privacidad | CADMUS\" \/>\n<meta property=\"og:description\" content=\"A Cadmus \u00e9 a empresa que vai te apoiar na consolida\u00e7\u00e3o da Cultura Digital.\" \/>\n<meta property=\"og:url\" content=\"https:\/\/cadmus.com.br\/es\/politica-privacidad\/\" \/>\n<meta property=\"og:site_name\" content=\"CADMUS\" \/>\n<meta property=\"article:publisher\" content=\"https:\/\/www.facebook.com\/soucadmus\/\" \/>\n<meta property=\"article:modified_time\" content=\"2023-02-02T18:14:27+00:00\" \/>\n<meta property=\"og:image\" content=\"https:\/\/cadmus.com.br\/wp-content\/uploads\/2021\/02\/Untitled-1-1.png\" \/>\n<meta name=\"twitter:card\" content=\"summary_large_image\" \/>\n<meta name=\"twitter:image\" content=\"https:\/\/cadmus.com.br\/wp-content\/uploads\/2021\/02\/Untitled-1-1.png\" \/>\n<meta name=\"twitter:site\" content=\"@vemsercadmus\" \/>\n<meta name=\"twitter:label1\" content=\"Tiempo de lectura\" \/>\n\t<meta name=\"twitter:data1\" content=\"6 minutos\" \/>\n<script type=\"application\/ld+json\" class=\"yoast-schema-graph\">{\"@context\":\"https:\\\/\\\/schema.org\",\"@graph\":[{\"@type\":\"WebPage\",\"@id\":\"https:\\\/\\\/cadmus.com.br\\\/es\\\/politica-privacidad\\\/\",\"url\":\"https:\\\/\\\/cadmus.com.br\\\/es\\\/politica-privacidad\\\/\",\"name\":\"Pol\u00edtica de privacidad | CADMUS\",\"isPartOf\":{\"@id\":\"https:\\\/\\\/cadmus.com.br\\\/es\\\/#website\"},\"datePublished\":\"2019-09-11T19:02:19+00:00\",\"dateModified\":\"2023-02-02T18:14:27+00:00\",\"description\":\"A Cadmus \u00e9 a empresa que vai te apoiar na consolida\u00e7\u00e3o da Cultura Digital.\",\"breadcrumb\":{\"@id\":\"https:\\\/\\\/cadmus.com.br\\\/es\\\/politica-privacidad\\\/#breadcrumb\"},\"inLanguage\":\"es\",\"potentialAction\":[{\"@type\":\"ReadAction\",\"target\":[\"https:\\\/\\\/cadmus.com.br\\\/es\\\/politica-privacidad\\\/\"]}]},{\"@type\":\"BreadcrumbList\",\"@id\":\"https:\\\/\\\/cadmus.com.br\\\/es\\\/politica-privacidad\\\/#breadcrumb\",\"itemListElement\":[{\"@type\":\"ListItem\",\"position\":1,\"name\":\"In\u00edcio\",\"item\":\"https:\\\/\\\/cadmus.com.br\\\/es\\\/\"},{\"@type\":\"ListItem\",\"position\":2,\"name\":\"Pol\u00edtica de privacidad\"}]},{\"@type\":\"WebSite\",\"@id\":\"https:\\\/\\\/cadmus.com.br\\\/es\\\/#website\",\"url\":\"https:\\\/\\\/cadmus.com.br\\\/es\\\/\",\"name\":\"CADMUS\",\"description\":\"Tecnologia da Estrat\u00e9gia a Execu\u00e7\u00e3o\",\"publisher\":{\"@id\":\"https:\\\/\\\/cadmus.com.br\\\/es\\\/#organization\"},\"potentialAction\":[{\"@type\":\"SearchAction\",\"target\":{\"@type\":\"EntryPoint\",\"urlTemplate\":\"https:\\\/\\\/cadmus.com.br\\\/es\\\/?s={search_term_string}\"},\"query-input\":{\"@type\":\"PropertyValueSpecification\",\"valueRequired\":true,\"valueName\":\"search_term_string\"}}],\"inLanguage\":\"es\"},{\"@type\":\"Organization\",\"@id\":\"https:\\\/\\\/cadmus.com.br\\\/es\\\/#organization\",\"name\":\"Cadmus\",\"url\":\"https:\\\/\\\/cadmus.com.br\\\/es\\\/\",\"logo\":{\"@type\":\"ImageObject\",\"inLanguage\":\"es\",\"@id\":\"https:\\\/\\\/cadmus.com.br\\\/es\\\/#\\\/schema\\\/logo\\\/image\\\/\",\"url\":\"https:\\\/\\\/i0.wp.com\\\/cadmus.com.br\\\/wp-content\\\/uploads\\\/2021\\\/02\\\/Untitled-1-1.png?fit=1200%2C600&ssl=1\",\"contentUrl\":\"https:\\\/\\\/i0.wp.com\\\/cadmus.com.br\\\/wp-content\\\/uploads\\\/2021\\\/02\\\/Untitled-1-1.png?fit=1200%2C600&ssl=1\",\"width\":1200,\"height\":600,\"caption\":\"Cadmus\"},\"image\":{\"@id\":\"https:\\\/\\\/cadmus.com.br\\\/es\\\/#\\\/schema\\\/logo\\\/image\\\/\"},\"sameAs\":[\"https:\\\/\\\/www.facebook.com\\\/soucadmus\\\/\",\"https:\\\/\\\/x.com\\\/vemsercadmus\",\"https:\\\/\\\/www.instagram.com\\\/soucadmus\\\/\",\"https:\\\/\\\/www.linkedin.com\\\/company\\\/cadmus-ti\\\/\"]}]}<\/script>\n<!-- \/ Yoast SEO plugin. -->","yoast_head_json":{"title":"Pol\u00edtica de privacidad | CADMUS","description":"A Cadmus \u00e9 a empresa que vai te apoiar na consolida\u00e7\u00e3o da Cultura Digital.","robots":{"index":"index","follow":"follow","max-snippet":"max-snippet:-1","max-image-preview":"max-image-preview:large","max-video-preview":"max-video-preview:-1"},"canonical":"https:\/\/cadmus.com.br\/es\/politica-privacidad\/","og_locale":"es_ES","og_type":"article","og_title":"Pol\u00edtica de privacidad | CADMUS","og_description":"A Cadmus \u00e9 a empresa que vai te apoiar na consolida\u00e7\u00e3o da Cultura Digital.","og_url":"https:\/\/cadmus.com.br\/es\/politica-privacidad\/","og_site_name":"CADMUS","article_publisher":"https:\/\/www.facebook.com\/soucadmus\/","article_modified_time":"2023-02-02T18:14:27+00:00","og_image":[{"url":"https:\/\/cadmus.com.br\/wp-content\/uploads\/2021\/02\/Untitled-1-1.png","type":"","width":"","height":""}],"twitter_card":"summary_large_image","twitter_image":"https:\/\/cadmus.com.br\/wp-content\/uploads\/2021\/02\/Untitled-1-1.png","twitter_site":"@vemsercadmus","twitter_misc":{"Tiempo de lectura":"6 minutos"},"schema":{"@context":"https:\/\/schema.org","@graph":[{"@type":"WebPage","@id":"https:\/\/cadmus.com.br\/es\/politica-privacidad\/","url":"https:\/\/cadmus.com.br\/es\/politica-privacidad\/","name":"Pol\u00edtica de privacidad | CADMUS","isPartOf":{"@id":"https:\/\/cadmus.com.br\/es\/#website"},"datePublished":"2019-09-11T19:02:19+00:00","dateModified":"2023-02-02T18:14:27+00:00","description":"A Cadmus \u00e9 a empresa que vai te apoiar na consolida\u00e7\u00e3o da Cultura Digital.","breadcrumb":{"@id":"https:\/\/cadmus.com.br\/es\/politica-privacidad\/#breadcrumb"},"inLanguage":"es","potentialAction":[{"@type":"ReadAction","target":["https:\/\/cadmus.com.br\/es\/politica-privacidad\/"]}]},{"@type":"BreadcrumbList","@id":"https:\/\/cadmus.com.br\/es\/politica-privacidad\/#breadcrumb","itemListElement":[{"@type":"ListItem","position":1,"name":"In\u00edcio","item":"https:\/\/cadmus.com.br\/es\/"},{"@type":"ListItem","position":2,"name":"Pol\u00edtica de privacidad"}]},{"@type":"WebSite","@id":"https:\/\/cadmus.com.br\/es\/#website","url":"https:\/\/cadmus.com.br\/es\/","name":"CADMUS","description":"Tecnologia da Estrat\u00e9gia a Execu\u00e7\u00e3o","publisher":{"@id":"https:\/\/cadmus.com.br\/es\/#organization"},"potentialAction":[{"@type":"SearchAction","target":{"@type":"EntryPoint","urlTemplate":"https:\/\/cadmus.com.br\/es\/?s={search_term_string}"},"query-input":{"@type":"PropertyValueSpecification","valueRequired":true,"valueName":"search_term_string"}}],"inLanguage":"es"},{"@type":"Organization","@id":"https:\/\/cadmus.com.br\/es\/#organization","name":"Cadmus","url":"https:\/\/cadmus.com.br\/es\/","logo":{"@type":"ImageObject","inLanguage":"es","@id":"https:\/\/cadmus.com.br\/es\/#\/schema\/logo\/image\/","url":"https:\/\/i0.wp.com\/cadmus.com.br\/wp-content\/uploads\/2021\/02\/Untitled-1-1.png?fit=1200%2C600&ssl=1","contentUrl":"https:\/\/i0.wp.com\/cadmus.com.br\/wp-content\/uploads\/2021\/02\/Untitled-1-1.png?fit=1200%2C600&ssl=1","width":1200,"height":600,"caption":"Cadmus"},"image":{"@id":"https:\/\/cadmus.com.br\/es\/#\/schema\/logo\/image\/"},"sameAs":["https:\/\/www.facebook.com\/soucadmus\/","https:\/\/x.com\/vemsercadmus","https:\/\/www.instagram.com\/soucadmus\/","https:\/\/www.linkedin.com\/company\/cadmus-ti\/"]}]}},"jetpack_sharing_enabled":true,"_links":{"self":[{"href":"https:\/\/cadmus.com.br\/es\/wp-json\/wp\/v2\/pages\/3002","targetHints":{"allow":["GET"]}}],"collection":[{"href":"https:\/\/cadmus.com.br\/es\/wp-json\/wp\/v2\/pages"}],"about":[{"href":"https:\/\/cadmus.com.br\/es\/wp-json\/wp\/v2\/types\/page"}],"author":[{"embeddable":true,"href":"https:\/\/cadmus.com.br\/es\/wp-json\/wp\/v2\/users\/1"}],"replies":[{"embeddable":true,"href":"https:\/\/cadmus.com.br\/es\/wp-json\/wp\/v2\/comments?post=3002"}],"version-history":[{"count":0,"href":"https:\/\/cadmus.com.br\/es\/wp-json\/wp\/v2\/pages\/3002\/revisions"}],"wp:attachment":[{"href":"https:\/\/cadmus.com.br\/es\/wp-json\/wp\/v2\/media?parent=3002"}],"curies":[{"name":"wp","href":"https:\/\/api.w.org\/{rel}","templated":true}]}}