{"id":3196,"date":"2025-05-19T15:46:42","date_gmt":"2025-05-19T18:46:42","guid":{"rendered":"https:\/\/cadmus.com.br\/who-we-are2\/"},"modified":"2025-05-19T15:46:42","modified_gmt":"2025-05-19T18:46:42","slug":"who-we-are2","status":"publish","type":"page","link":"https:\/\/cadmus.com.br\/en\/who-we-are2\/","title":{"rendered":"Who we are2"},"content":{"rendered":"","protected":false},"excerpt":{"rendered":"","protected":false},"author":1,"featured_media":0,"parent":0,"menu_order":0,"comment_status":"closed","ping_status":"closed","template":"page-sobre-new.php","meta":{"footnotes":""},"class_list":["post-3196","page","type-page","status-publish","hentry"],"yoast_head":"<!-- This site is optimized with the Yoast SEO plugin v27.3 - https:\/\/yoast.com\/product\/yoast-seo-wordpress\/ -->\n<title>Solu\u00e7\u00f5es para Transforma\u00e7\u00e3o Digital | Conhe\u00e7a a Cadmus<\/title>\n<meta name=\"description\" content=\"A Cadmus \u00e9 a empresa que vai te apoiar na consolida\u00e7\u00e3o da Cultura Digital, com solu\u00e7\u00f5es de tecnologia, pessoas e abordagens focadas na entrega de valor\" \/>\n<meta name=\"robots\" content=\"index, follow, max-snippet:-1, max-image-preview:large, max-video-preview:-1\" \/>\n<link rel=\"canonical\" href=\"https:\/\/cadmus.com.br\/en\/who-we-are2\/\" \/>\n<meta property=\"og:locale\" content=\"en_US\" \/>\n<meta property=\"og:type\" content=\"article\" \/>\n<meta property=\"og:title\" content=\"Solu\u00e7\u00f5es para Transforma\u00e7\u00e3o Digital | Conhe\u00e7a a Cadmus\" \/>\n<meta property=\"og:description\" content=\"A Cadmus \u00e9 a empresa que vai te apoiar na consolida\u00e7\u00e3o da Cultura Digital, com solu\u00e7\u00f5es de tecnologia, pessoas e abordagens focadas na entrega de valor\" \/>\n<meta property=\"og:url\" content=\"https:\/\/cadmus.com.br\/en\/who-we-are2\/\" \/>\n<meta property=\"og:site_name\" content=\"CADMUS\" \/>\n<meta property=\"article:publisher\" content=\"https:\/\/www.facebook.com\/soucadmus\/\" \/>\n<meta property=\"og:image\" content=\"https:\/\/cadmus.com.br\/wp-content\/uploads\/2021\/02\/Untitled-1-1.png\" \/>\n<meta name=\"twitter:card\" content=\"summary_large_image\" \/>\n<meta name=\"twitter:image\" content=\"https:\/\/cadmus.com.br\/wp-content\/uploads\/2021\/02\/Untitled-1-1.png\" \/>\n<meta name=\"twitter:site\" content=\"@vemsercadmus\" \/>\n<script type=\"application\/ld+json\" class=\"yoast-schema-graph\">{\"@context\":\"https:\\\/\\\/schema.org\",\"@graph\":[{\"@type\":\"WebPage\",\"@id\":\"https:\\\/\\\/cadmus.com.br\\\/en\\\/who-we-are2\\\/\",\"url\":\"https:\\\/\\\/cadmus.com.br\\\/en\\\/who-we-are2\\\/\",\"name\":\"Solu\u00e7\u00f5es para Transforma\u00e7\u00e3o Digital | Conhe\u00e7a a Cadmus\",\"isPartOf\":{\"@id\":\"https:\\\/\\\/cadmus.com.br\\\/en\\\/#website\"},\"datePublished\":\"2025-05-19T18:46:42+00:00\",\"description\":\"A Cadmus \u00e9 a empresa que vai te apoiar na consolida\u00e7\u00e3o da Cultura Digital, com solu\u00e7\u00f5es de tecnologia, pessoas e abordagens focadas na entrega de valor\",\"breadcrumb\":{\"@id\":\"https:\\\/\\\/cadmus.com.br\\\/en\\\/who-we-are2\\\/#breadcrumb\"},\"inLanguage\":\"en-US\",\"potentialAction\":[{\"@type\":\"ReadAction\",\"target\":[\"https:\\\/\\\/cadmus.com.br\\\/en\\\/who-we-are2\\\/\"]}]},{\"@type\":\"BreadcrumbList\",\"@id\":\"https:\\\/\\\/cadmus.com.br\\\/en\\\/who-we-are2\\\/#breadcrumb\",\"itemListElement\":[{\"@type\":\"ListItem\",\"position\":1,\"name\":\"In\u00edcio\",\"item\":\"https:\\\/\\\/cadmus.com.br\\\/en\\\/\"},{\"@type\":\"ListItem\",\"position\":2,\"name\":\"Who we are2\"}]},{\"@type\":\"WebSite\",\"@id\":\"https:\\\/\\\/cadmus.com.br\\\/en\\\/#website\",\"url\":\"https:\\\/\\\/cadmus.com.br\\\/en\\\/\",\"name\":\"CADMUS\",\"description\":\"Tecnologia da Estrat\u00e9gia a Execu\u00e7\u00e3o\",\"publisher\":{\"@id\":\"https:\\\/\\\/cadmus.com.br\\\/en\\\/#organization\"},\"potentialAction\":[{\"@type\":\"SearchAction\",\"target\":{\"@type\":\"EntryPoint\",\"urlTemplate\":\"https:\\\/\\\/cadmus.com.br\\\/en\\\/?s={search_term_string}\"},\"query-input\":{\"@type\":\"PropertyValueSpecification\",\"valueRequired\":true,\"valueName\":\"search_term_string\"}}],\"inLanguage\":\"en-US\"},{\"@type\":\"Organization\",\"@id\":\"https:\\\/\\\/cadmus.com.br\\\/en\\\/#organization\",\"name\":\"Cadmus\",\"url\":\"https:\\\/\\\/cadmus.com.br\\\/en\\\/\",\"logo\":{\"@type\":\"ImageObject\",\"inLanguage\":\"en-US\",\"@id\":\"https:\\\/\\\/cadmus.com.br\\\/en\\\/#\\\/schema\\\/logo\\\/image\\\/\",\"url\":\"https:\\\/\\\/i0.wp.com\\\/cadmus.com.br\\\/wp-content\\\/uploads\\\/2021\\\/02\\\/Untitled-1-1.png?fit=1200%2C600&ssl=1\",\"contentUrl\":\"https:\\\/\\\/i0.wp.com\\\/cadmus.com.br\\\/wp-content\\\/uploads\\\/2021\\\/02\\\/Untitled-1-1.png?fit=1200%2C600&ssl=1\",\"width\":1200,\"height\":600,\"caption\":\"Cadmus\"},\"image\":{\"@id\":\"https:\\\/\\\/cadmus.com.br\\\/en\\\/#\\\/schema\\\/logo\\\/image\\\/\"},\"sameAs\":[\"https:\\\/\\\/www.facebook.com\\\/soucadmus\\\/\",\"https:\\\/\\\/x.com\\\/vemsercadmus\",\"https:\\\/\\\/www.instagram.com\\\/soucadmus\\\/\",\"https:\\\/\\\/www.linkedin.com\\\/company\\\/cadmus-ti\\\/\"]}]}<\/script>\n<!-- \/ Yoast SEO plugin. -->","yoast_head_json":{"title":"Solu\u00e7\u00f5es para Transforma\u00e7\u00e3o Digital | Conhe\u00e7a a Cadmus","description":"A Cadmus \u00e9 a empresa que vai te apoiar na consolida\u00e7\u00e3o da Cultura Digital, com solu\u00e7\u00f5es de tecnologia, pessoas e abordagens focadas na entrega de valor","robots":{"index":"index","follow":"follow","max-snippet":"max-snippet:-1","max-image-preview":"max-image-preview:large","max-video-preview":"max-video-preview:-1"},"canonical":"https:\/\/cadmus.com.br\/en\/who-we-are2\/","og_locale":"en_US","og_type":"article","og_title":"Solu\u00e7\u00f5es para Transforma\u00e7\u00e3o Digital | Conhe\u00e7a a Cadmus","og_description":"A Cadmus \u00e9 a empresa que vai te apoiar na consolida\u00e7\u00e3o da Cultura Digital, com solu\u00e7\u00f5es de tecnologia, pessoas e abordagens focadas na entrega de valor","og_url":"https:\/\/cadmus.com.br\/en\/who-we-are2\/","og_site_name":"CADMUS","article_publisher":"https:\/\/www.facebook.com\/soucadmus\/","og_image":[{"url":"https:\/\/cadmus.com.br\/wp-content\/uploads\/2021\/02\/Untitled-1-1.png","type":"","width":"","height":""}],"twitter_card":"summary_large_image","twitter_image":"https:\/\/cadmus.com.br\/wp-content\/uploads\/2021\/02\/Untitled-1-1.png","twitter_site":"@vemsercadmus","schema":{"@context":"https:\/\/schema.org","@graph":[{"@type":"WebPage","@id":"https:\/\/cadmus.com.br\/en\/who-we-are2\/","url":"https:\/\/cadmus.com.br\/en\/who-we-are2\/","name":"Solu\u00e7\u00f5es para Transforma\u00e7\u00e3o Digital | Conhe\u00e7a a Cadmus","isPartOf":{"@id":"https:\/\/cadmus.com.br\/en\/#website"},"datePublished":"2025-05-19T18:46:42+00:00","description":"A Cadmus \u00e9 a empresa que vai te apoiar na consolida\u00e7\u00e3o da Cultura Digital, com solu\u00e7\u00f5es de tecnologia, pessoas e abordagens focadas na entrega de valor","breadcrumb":{"@id":"https:\/\/cadmus.com.br\/en\/who-we-are2\/#breadcrumb"},"inLanguage":"en-US","potentialAction":[{"@type":"ReadAction","target":["https:\/\/cadmus.com.br\/en\/who-we-are2\/"]}]},{"@type":"BreadcrumbList","@id":"https:\/\/cadmus.com.br\/en\/who-we-are2\/#breadcrumb","itemListElement":[{"@type":"ListItem","position":1,"name":"In\u00edcio","item":"https:\/\/cadmus.com.br\/en\/"},{"@type":"ListItem","position":2,"name":"Who we are2"}]},{"@type":"WebSite","@id":"https:\/\/cadmus.com.br\/en\/#website","url":"https:\/\/cadmus.com.br\/en\/","name":"CADMUS","description":"Tecnologia da Estrat\u00e9gia a Execu\u00e7\u00e3o","publisher":{"@id":"https:\/\/cadmus.com.br\/en\/#organization"},"potentialAction":[{"@type":"SearchAction","target":{"@type":"EntryPoint","urlTemplate":"https:\/\/cadmus.com.br\/en\/?s={search_term_string}"},"query-input":{"@type":"PropertyValueSpecification","valueRequired":true,"valueName":"search_term_string"}}],"inLanguage":"en-US"},{"@type":"Organization","@id":"https:\/\/cadmus.com.br\/en\/#organization","name":"Cadmus","url":"https:\/\/cadmus.com.br\/en\/","logo":{"@type":"ImageObject","inLanguage":"en-US","@id":"https:\/\/cadmus.com.br\/en\/#\/schema\/logo\/image\/","url":"https:\/\/i0.wp.com\/cadmus.com.br\/wp-content\/uploads\/2021\/02\/Untitled-1-1.png?fit=1200%2C600&ssl=1","contentUrl":"https:\/\/i0.wp.com\/cadmus.com.br\/wp-content\/uploads\/2021\/02\/Untitled-1-1.png?fit=1200%2C600&ssl=1","width":1200,"height":600,"caption":"Cadmus"},"image":{"@id":"https:\/\/cadmus.com.br\/en\/#\/schema\/logo\/image\/"},"sameAs":["https:\/\/www.facebook.com\/soucadmus\/","https:\/\/x.com\/vemsercadmus","https:\/\/www.instagram.com\/soucadmus\/","https:\/\/www.linkedin.com\/company\/cadmus-ti\/"]}]}},"jetpack_sharing_enabled":true,"_links":{"self":[{"href":"https:\/\/cadmus.com.br\/en\/wp-json\/wp\/v2\/pages\/3196","targetHints":{"allow":["GET"]}}],"collection":[{"href":"https:\/\/cadmus.com.br\/en\/wp-json\/wp\/v2\/pages"}],"about":[{"href":"https:\/\/cadmus.com.br\/en\/wp-json\/wp\/v2\/types\/page"}],"author":[{"embeddable":true,"href":"https:\/\/cadmus.com.br\/en\/wp-json\/wp\/v2\/users\/1"}],"replies":[{"embeddable":true,"href":"https:\/\/cadmus.com.br\/en\/wp-json\/wp\/v2\/comments?post=3196"}],"version-history":[{"count":0,"href":"https:\/\/cadmus.com.br\/en\/wp-json\/wp\/v2\/pages\/3196\/revisions"}],"wp:attachment":[{"href":"https:\/\/cadmus.com.br\/en\/wp-json\/wp\/v2\/media?parent=3196"}],"curies":[{"name":"wp","href":"https:\/\/api.w.org\/{rel}","templated":true}]}}