{"id":2901,"date":"2021-01-18T11:14:35","date_gmt":"2021-01-18T14:14:35","guid":{"rendered":"https:\/\/cadmus.com.br\/agile-digital-culture\/digital-transformation\/"},"modified":"2023-02-01T14:42:42","modified_gmt":"2023-02-01T17:42:42","slug":"digital-transformation","status":"publish","type":"page","link":"https:\/\/cadmus.com.br\/en\/agile-digital-culture\/digital-transformation\/","title":{"rendered":"Digital Transformation"},"content":{"rendered":"","protected":false},"excerpt":{"rendered":"","protected":false},"author":1,"featured_media":0,"parent":2813,"menu_order":0,"comment_status":"closed","ping_status":"closed","template":"page-transformacao-digital.php","meta":{"footnotes":""},"class_list":["post-2901","page","type-page","status-publish","hentry"],"yoast_head":"<!-- This site is optimized with the Yoast SEO plugin v27.3 - https:\/\/yoast.com\/product\/yoast-seo-wordpress\/ -->\n<title>Digital Transformation | CADMUS<\/title>\n<meta name=\"description\" content=\"A Cadmus \u00e9 a empresa que vai te apoiar na consolida\u00e7\u00e3o da Cultura Digital.\" \/>\n<meta name=\"robots\" content=\"index, follow, max-snippet:-1, max-image-preview:large, max-video-preview:-1\" \/>\n<link rel=\"canonical\" href=\"https:\/\/cadmus.com.br\/en\/agile-digital-culture\/digital-transformation\/\" \/>\n<meta property=\"og:locale\" content=\"en_US\" \/>\n<meta property=\"og:type\" content=\"article\" \/>\n<meta property=\"og:title\" content=\"Digital Transformation | CADMUS\" \/>\n<meta property=\"og:description\" content=\"A Cadmus \u00e9 a empresa que vai te apoiar na consolida\u00e7\u00e3o da Cultura Digital.\" \/>\n<meta property=\"og:url\" content=\"https:\/\/cadmus.com.br\/en\/agile-digital-culture\/digital-transformation\/\" \/>\n<meta property=\"og:site_name\" content=\"CADMUS\" \/>\n<meta property=\"article:publisher\" content=\"https:\/\/www.facebook.com\/soucadmus\/\" \/>\n<meta property=\"article:modified_time\" content=\"2023-02-01T17:42:42+00:00\" \/>\n<meta property=\"og:image\" content=\"https:\/\/cadmus.com.br\/wp-content\/uploads\/2021\/02\/Untitled-1-1.png\" \/>\n\t<meta property=\"og:image:width\" content=\"1200\" \/>\n\t<meta property=\"og:image:height\" content=\"600\" \/>\n\t<meta property=\"og:image:type\" content=\"image\/png\" \/>\n<meta name=\"twitter:card\" content=\"summary_large_image\" \/>\n<meta name=\"twitter:site\" content=\"@vemsercadmus\" \/>\n<script type=\"application\/ld+json\" class=\"yoast-schema-graph\">{\"@context\":\"https:\\\/\\\/schema.org\",\"@graph\":[{\"@type\":\"WebPage\",\"@id\":\"https:\\\/\\\/cadmus.com.br\\\/en\\\/agile-digital-culture\\\/digital-transformation\\\/\",\"url\":\"https:\\\/\\\/cadmus.com.br\\\/en\\\/agile-digital-culture\\\/digital-transformation\\\/\",\"name\":\"Digital Transformation | CADMUS\",\"isPartOf\":{\"@id\":\"https:\\\/\\\/cadmus.com.br\\\/en\\\/#website\"},\"datePublished\":\"2021-01-18T14:14:35+00:00\",\"dateModified\":\"2023-02-01T17:42:42+00:00\",\"description\":\"A Cadmus \u00e9 a empresa que vai te apoiar na consolida\u00e7\u00e3o da Cultura Digital.\",\"breadcrumb\":{\"@id\":\"https:\\\/\\\/cadmus.com.br\\\/en\\\/agile-digital-culture\\\/digital-transformation\\\/#breadcrumb\"},\"inLanguage\":\"en-US\",\"potentialAction\":[{\"@type\":\"ReadAction\",\"target\":[\"https:\\\/\\\/cadmus.com.br\\\/en\\\/agile-digital-culture\\\/digital-transformation\\\/\"]}]},{\"@type\":\"BreadcrumbList\",\"@id\":\"https:\\\/\\\/cadmus.com.br\\\/en\\\/agile-digital-culture\\\/digital-transformation\\\/#breadcrumb\",\"itemListElement\":[{\"@type\":\"ListItem\",\"position\":1,\"name\":\"In\u00edcio\",\"item\":\"https:\\\/\\\/cadmus.com.br\\\/en\\\/\"},{\"@type\":\"ListItem\",\"position\":2,\"name\":\"Agile &amp; Digital Culture\",\"item\":\"https:\\\/\\\/cadmus.com.br\\\/en\\\/agile-digital-culture\\\/\"},{\"@type\":\"ListItem\",\"position\":3,\"name\":\"Digital Transformation\"}]},{\"@type\":\"WebSite\",\"@id\":\"https:\\\/\\\/cadmus.com.br\\\/en\\\/#website\",\"url\":\"https:\\\/\\\/cadmus.com.br\\\/en\\\/\",\"name\":\"CADMUS\",\"description\":\"Tecnologia da Estrat\u00e9gia a Execu\u00e7\u00e3o\",\"publisher\":{\"@id\":\"https:\\\/\\\/cadmus.com.br\\\/en\\\/#organization\"},\"potentialAction\":[{\"@type\":\"SearchAction\",\"target\":{\"@type\":\"EntryPoint\",\"urlTemplate\":\"https:\\\/\\\/cadmus.com.br\\\/en\\\/?s={search_term_string}\"},\"query-input\":{\"@type\":\"PropertyValueSpecification\",\"valueRequired\":true,\"valueName\":\"search_term_string\"}}],\"inLanguage\":\"en-US\"},{\"@type\":\"Organization\",\"@id\":\"https:\\\/\\\/cadmus.com.br\\\/en\\\/#organization\",\"name\":\"Cadmus\",\"url\":\"https:\\\/\\\/cadmus.com.br\\\/en\\\/\",\"logo\":{\"@type\":\"ImageObject\",\"inLanguage\":\"en-US\",\"@id\":\"https:\\\/\\\/cadmus.com.br\\\/en\\\/#\\\/schema\\\/logo\\\/image\\\/\",\"url\":\"https:\\\/\\\/i0.wp.com\\\/cadmus.com.br\\\/wp-content\\\/uploads\\\/2021\\\/02\\\/Untitled-1-1.png?fit=1200%2C600&ssl=1\",\"contentUrl\":\"https:\\\/\\\/i0.wp.com\\\/cadmus.com.br\\\/wp-content\\\/uploads\\\/2021\\\/02\\\/Untitled-1-1.png?fit=1200%2C600&ssl=1\",\"width\":1200,\"height\":600,\"caption\":\"Cadmus\"},\"image\":{\"@id\":\"https:\\\/\\\/cadmus.com.br\\\/en\\\/#\\\/schema\\\/logo\\\/image\\\/\"},\"sameAs\":[\"https:\\\/\\\/www.facebook.com\\\/soucadmus\\\/\",\"https:\\\/\\\/x.com\\\/vemsercadmus\",\"https:\\\/\\\/www.instagram.com\\\/soucadmus\\\/\",\"https:\\\/\\\/www.linkedin.com\\\/company\\\/cadmus-ti\\\/\"]}]}<\/script>\n<!-- \/ Yoast SEO plugin. -->","yoast_head_json":{"title":"Digital Transformation | CADMUS","description":"A Cadmus \u00e9 a empresa que vai te apoiar na consolida\u00e7\u00e3o da Cultura Digital.","robots":{"index":"index","follow":"follow","max-snippet":"max-snippet:-1","max-image-preview":"max-image-preview:large","max-video-preview":"max-video-preview:-1"},"canonical":"https:\/\/cadmus.com.br\/en\/agile-digital-culture\/digital-transformation\/","og_locale":"en_US","og_type":"article","og_title":"Digital Transformation | CADMUS","og_description":"A Cadmus \u00e9 a empresa que vai te apoiar na consolida\u00e7\u00e3o da Cultura Digital.","og_url":"https:\/\/cadmus.com.br\/en\/agile-digital-culture\/digital-transformation\/","og_site_name":"CADMUS","article_publisher":"https:\/\/www.facebook.com\/soucadmus\/","article_modified_time":"2023-02-01T17:42:42+00:00","og_image":[{"width":1200,"height":600,"url":"https:\/\/cadmus.com.br\/wp-content\/uploads\/2021\/02\/Untitled-1-1.png","type":"image\/png"}],"twitter_card":"summary_large_image","twitter_site":"@vemsercadmus","schema":{"@context":"https:\/\/schema.org","@graph":[{"@type":"WebPage","@id":"https:\/\/cadmus.com.br\/en\/agile-digital-culture\/digital-transformation\/","url":"https:\/\/cadmus.com.br\/en\/agile-digital-culture\/digital-transformation\/","name":"Digital Transformation | CADMUS","isPartOf":{"@id":"https:\/\/cadmus.com.br\/en\/#website"},"datePublished":"2021-01-18T14:14:35+00:00","dateModified":"2023-02-01T17:42:42+00:00","description":"A Cadmus \u00e9 a empresa que vai te apoiar na consolida\u00e7\u00e3o da Cultura Digital.","breadcrumb":{"@id":"https:\/\/cadmus.com.br\/en\/agile-digital-culture\/digital-transformation\/#breadcrumb"},"inLanguage":"en-US","potentialAction":[{"@type":"ReadAction","target":["https:\/\/cadmus.com.br\/en\/agile-digital-culture\/digital-transformation\/"]}]},{"@type":"BreadcrumbList","@id":"https:\/\/cadmus.com.br\/en\/agile-digital-culture\/digital-transformation\/#breadcrumb","itemListElement":[{"@type":"ListItem","position":1,"name":"In\u00edcio","item":"https:\/\/cadmus.com.br\/en\/"},{"@type":"ListItem","position":2,"name":"Agile &amp; Digital Culture","item":"https:\/\/cadmus.com.br\/en\/agile-digital-culture\/"},{"@type":"ListItem","position":3,"name":"Digital Transformation"}]},{"@type":"WebSite","@id":"https:\/\/cadmus.com.br\/en\/#website","url":"https:\/\/cadmus.com.br\/en\/","name":"CADMUS","description":"Tecnologia da Estrat\u00e9gia a Execu\u00e7\u00e3o","publisher":{"@id":"https:\/\/cadmus.com.br\/en\/#organization"},"potentialAction":[{"@type":"SearchAction","target":{"@type":"EntryPoint","urlTemplate":"https:\/\/cadmus.com.br\/en\/?s={search_term_string}"},"query-input":{"@type":"PropertyValueSpecification","valueRequired":true,"valueName":"search_term_string"}}],"inLanguage":"en-US"},{"@type":"Organization","@id":"https:\/\/cadmus.com.br\/en\/#organization","name":"Cadmus","url":"https:\/\/cadmus.com.br\/en\/","logo":{"@type":"ImageObject","inLanguage":"en-US","@id":"https:\/\/cadmus.com.br\/en\/#\/schema\/logo\/image\/","url":"https:\/\/i0.wp.com\/cadmus.com.br\/wp-content\/uploads\/2021\/02\/Untitled-1-1.png?fit=1200%2C600&ssl=1","contentUrl":"https:\/\/i0.wp.com\/cadmus.com.br\/wp-content\/uploads\/2021\/02\/Untitled-1-1.png?fit=1200%2C600&ssl=1","width":1200,"height":600,"caption":"Cadmus"},"image":{"@id":"https:\/\/cadmus.com.br\/en\/#\/schema\/logo\/image\/"},"sameAs":["https:\/\/www.facebook.com\/soucadmus\/","https:\/\/x.com\/vemsercadmus","https:\/\/www.instagram.com\/soucadmus\/","https:\/\/www.linkedin.com\/company\/cadmus-ti\/"]}]}},"jetpack_sharing_enabled":true,"_links":{"self":[{"href":"https:\/\/cadmus.com.br\/en\/wp-json\/wp\/v2\/pages\/2901","targetHints":{"allow":["GET"]}}],"collection":[{"href":"https:\/\/cadmus.com.br\/en\/wp-json\/wp\/v2\/pages"}],"about":[{"href":"https:\/\/cadmus.com.br\/en\/wp-json\/wp\/v2\/types\/page"}],"author":[{"embeddable":true,"href":"https:\/\/cadmus.com.br\/en\/wp-json\/wp\/v2\/users\/1"}],"replies":[{"embeddable":true,"href":"https:\/\/cadmus.com.br\/en\/wp-json\/wp\/v2\/comments?post=2901"}],"version-history":[{"count":0,"href":"https:\/\/cadmus.com.br\/en\/wp-json\/wp\/v2\/pages\/2901\/revisions"}],"up":[{"embeddable":true,"href":"https:\/\/cadmus.com.br\/en\/wp-json\/wp\/v2\/pages\/2813"}],"wp:attachment":[{"href":"https:\/\/cadmus.com.br\/en\/wp-json\/wp\/v2\/media?parent=2901"}],"curies":[{"name":"wp","href":"https:\/\/api.w.org\/{rel}","templated":true}]}}